{"id":14,"date":"2021-03-11T15:24:08","date_gmt":"2021-03-11T15:24:08","guid":{"rendered":"https:\/\/asogadplr.com\/?page_id=14"},"modified":"2021-03-11T15:24:08","modified_gmt":"2021-03-11T15:24:08","slug":"contacto","status":"publish","type":"page","link":"https:\/\/asogadplr.com\/index.php\/contacto\/","title":{"rendered":"Contacto"},"content":{"rendered":"\n<p>Esta es una p\u00e1gina con informaci\u00f3n de contacto b\u00e1sica, como la direcci\u00f3n y el n\u00famero de tel\u00e9fono. Incluso puedes probar un plugin para a\u00f1adir un formulario de contacto.<\/p>\n","protected":false},"excerpt":{"rendered":"<p>Esta es una p\u00e1gina con informaci\u00f3n de contacto b\u00e1sica, como la direcci\u00f3n y el n\u00famero de tel\u00e9fono. Incluso puedes probar<\/p>\n","protected":false},"author":1,"featured_media":0,"parent":0,"menu_order":0,"comment_status":"closed","ping_status":"closed","template":"page-templates\/contact.php","meta":{"colormag_page_container_layout":"default_layout","colormag_page_sidebar_layout":"default_layout","footnotes":""},"class_list":["post-14","page","type-page","status-publish","hentry"],"yoast_head":"<!-- This site is optimized with the Yoast SEO plugin v15.9.2 - https:\/\/yoast.com\/wordpress\/plugins\/seo\/ -->\n<title>Contacto - ASOCIACI\u00d3N DE EMPLEADOS GAD LOS R\u00cdOS<\/title>\n<link rel=\"canonical\" href=\"https:\/\/asogadplr.com\/index.php\/contacto\/\" \/>\n<meta property=\"og:locale\" content=\"es_ES\" \/>\n<meta property=\"og:type\" content=\"article\" \/>\n<meta property=\"og:title\" content=\"Contacto - ASOCIACI\u00d3N DE EMPLEADOS GAD LOS R\u00cdOS\" \/>\n<meta property=\"og:description\" content=\"Esta es una p\u00e1gina con informaci\u00f3n de contacto b\u00e1sica, como la direcci\u00f3n y el n\u00famero de tel\u00e9fono. Incluso puedes probar\" \/>\n<meta property=\"og:url\" content=\"https:\/\/asogadplr.com\/index.php\/contacto\/\" \/>\n<meta property=\"og:site_name\" content=\"ASOCIACI\u00d3N DE EMPLEADOS GAD LOS R\u00cdOS\" \/>\n<meta name=\"twitter:card\" content=\"summary_large_image\" \/>\n<script type=\"application\/ld+json\" class=\"yoast-schema-graph\">{\"@context\":\"https:\/\/schema.org\",\"@graph\":[{\"@type\":\"WebSite\",\"@id\":\"https:\/\/asogadplr.com\/#website\",\"url\":\"https:\/\/asogadplr.com\/\",\"name\":\"ASOCIACI\\u00d3N DE EMPLEADOS GAD LOS R\\u00cdOS\",\"description\":\"ASO GAD LOS R\\u00cdOS\",\"potentialAction\":[{\"@type\":\"SearchAction\",\"target\":\"https:\/\/asogadplr.com\/?s={search_term_string}\",\"query-input\":\"required name=search_term_string\"}],\"inLanguage\":\"es\"},{\"@type\":\"WebPage\",\"@id\":\"https:\/\/asogadplr.com\/index.php\/contacto\/#webpage\",\"url\":\"https:\/\/asogadplr.com\/index.php\/contacto\/\",\"name\":\"Contacto - ASOCIACI\\u00d3N DE EMPLEADOS GAD LOS R\\u00cdOS\",\"isPartOf\":{\"@id\":\"https:\/\/asogadplr.com\/#website\"},\"datePublished\":\"2021-03-11T15:24:08+00:00\",\"dateModified\":\"2021-03-11T15:24:08+00:00\",\"breadcrumb\":{\"@id\":\"https:\/\/asogadplr.com\/index.php\/contacto\/#breadcrumb\"},\"inLanguage\":\"es\",\"potentialAction\":[{\"@type\":\"ReadAction\",\"target\":[\"https:\/\/asogadplr.com\/index.php\/contacto\/\"]}]},{\"@type\":\"BreadcrumbList\",\"@id\":\"https:\/\/asogadplr.com\/index.php\/contacto\/#breadcrumb\",\"itemListElement\":[{\"@type\":\"ListItem\",\"position\":1,\"item\":{\"@type\":\"WebPage\",\"@id\":\"https:\/\/asogadplr.com\/\",\"url\":\"https:\/\/asogadplr.com\/\",\"name\":\"Portada\"}},{\"@type\":\"ListItem\",\"position\":2,\"item\":{\"@type\":\"WebPage\",\"@id\":\"https:\/\/asogadplr.com\/index.php\/contacto\/\",\"url\":\"https:\/\/asogadplr.com\/index.php\/contacto\/\",\"name\":\"Contacto\"}}]}]}<\/script>\n<!-- \/ Yoast SEO plugin. -->","_links":{"self":[{"href":"https:\/\/asogadplr.com\/index.php\/wp-json\/wp\/v2\/pages\/14","targetHints":{"allow":["GET"]}}],"collection":[{"href":"https:\/\/asogadplr.com\/index.php\/wp-json\/wp\/v2\/pages"}],"about":[{"href":"https:\/\/asogadplr.com\/index.php\/wp-json\/wp\/v2\/types\/page"}],"author":[{"embeddable":true,"href":"https:\/\/asogadplr.com\/index.php\/wp-json\/wp\/v2\/users\/1"}],"replies":[{"embeddable":true,"href":"https:\/\/asogadplr.com\/index.php\/wp-json\/wp\/v2\/comments?post=14"}],"version-history":[{"count":1,"href":"https:\/\/asogadplr.com\/index.php\/wp-json\/wp\/v2\/pages\/14\/revisions"}],"predecessor-version":[{"id":22,"href":"https:\/\/asogadplr.com\/index.php\/wp-json\/wp\/v2\/pages\/14\/revisions\/22"}],"wp:attachment":[{"href":"https:\/\/asogadplr.com\/index.php\/wp-json\/wp\/v2\/media?parent=14"}],"curies":[{"name":"wp","href":"https:\/\/api.w.org\/{rel}","templated":true}]}}